{"id":15,"date":"2014-03-07T14:50:49","date_gmt":"2014-03-07T13:50:49","guid":{"rendered":"http:\/\/www.cablabel.com\/de\/?page_id=15"},"modified":"2018-05-22T13:42:42","modified_gmt":"2018-05-22T11:42:42","slug":"impressum","status":"publish","type":"page","link":"https:\/\/www.cablabel.com\/de\/impressum\/","title":{"rendered":"Impressum"},"content":{"rendered":"<h2>cab Produkttechnik GmbH &amp; Co KG<\/h2>\n<p>Wilhelm-Schickard-Str. 14<br \/>\nD-76131 Karlsruhe<br \/>\nDeutschland<\/p>\n<p>Tel.: +49 721 6626 0<br \/>\nFax: +49 721 6626 129<\/p>\n<p>E-Mail: <a>info@cab.de<\/a><\/p>\n<p>Registergericht Mannheim HRA 104480<br \/>\nKomplement\u00e4r: cab Beteiligungs-GmbH<br \/>\nRegistergericht Mannheim HRB 108433<br \/>\nGesch\u00e4ftsf\u00fchrer: Klaus Bardutzky, Alexander Bardutzky<\/p>\n<p>UST-ID: DE143593113<\/p>\n<p><a href=\"\/\/www.cablabel.com\/de\/datenschutz\/\"><strong>Datenschutz<\/strong><\/a><\/p>\n<p>&nbsp;<\/p>\n","protected":false},"excerpt":{"rendered":"<p>cab Produkttechnik GmbH &amp; Co KG Wilhelm-Schickard-Str. 14 D-76131 Karlsruhe Deutschland Tel.: +49 721 6626 0 Fax: +49 721 6626 129 E-Mail: info@cab.de Registergericht Mannheim HRA 104480 Komplement\u00e4r: cab Beteiligungs-GmbH Registergericht Mannheim HRB 108433 Gesch\u00e4ftsf\u00fchrer: Klaus Bardutzky, Alexander Bardutzky UST-ID: &hellip; <a href=\"https:\/\/www.cablabel.com\/de\/impressum\/\">Weiterlesen <span class=\"meta-nav\">&rarr;<\/span><\/a><\/p>\n","protected":false},"author":2,"featured_media":0,"parent":0,"menu_order":0,"comment_status":"closed","ping_status":"closed","template":"sidebar-page.php","meta":{"footnotes":""},"class_list":["post-15","page","type-page","status-publish","hentry"],"_links":{"self":[{"href":"https:\/\/www.cablabel.com\/de\/wp-json\/wp\/v2\/pages\/15","targetHints":{"allow":["GET"]}}],"collection":[{"href":"https:\/\/www.cablabel.com\/de\/wp-json\/wp\/v2\/pages"}],"about":[{"href":"https:\/\/www.cablabel.com\/de\/wp-json\/wp\/v2\/types\/page"}],"author":[{"embeddable":true,"href":"https:\/\/www.cablabel.com\/de\/wp-json\/wp\/v2\/users\/2"}],"replies":[{"embeddable":true,"href":"https:\/\/www.cablabel.com\/de\/wp-json\/wp\/v2\/comments?post=15"}],"version-history":[{"count":2,"href":"https:\/\/www.cablabel.com\/de\/wp-json\/wp\/v2\/pages\/15\/revisions"}],"predecessor-version":[{"id":413,"href":"https:\/\/www.cablabel.com\/de\/wp-json\/wp\/v2\/pages\/15\/revisions\/413"}],"wp:attachment":[{"href":"https:\/\/www.cablabel.com\/de\/wp-json\/wp\/v2\/media?parent=15"}],"curies":[{"name":"wp","href":"https:\/\/api.w.org\/{rel}","templated":true}]}}