{"id":2,"date":"2014-03-06T15:01:19","date_gmt":"2014-03-06T15:01:19","guid":{"rendered":"http:\/\/www.cablabel.com\/de\/?page_id=2"},"modified":"2022-03-22T10:24:28","modified_gmt":"2022-03-22T09:24:28","slug":"datenschutz","status":"publish","type":"page","link":"https:\/\/www.cablabel.com\/de\/datenschutz\/","title":{"rendered":"Datenschutz"},"content":{"rendered":"<p>Wir freuen uns \u00fcber Ihren Besuch unserer Website und \u00fcber Ihr Interesse an unserem Unternehmen und unseren Produkten. Hierbei achten wir Ihre Privatsph\u00e4re und gew\u00e4hrleisten den Schutz Ihrer personenbezogenen Daten, indem wir Ihre personenbezogenen Daten in \u00dcbereinstimmung mit dem Inhalt dieser Datenschutzbestimmungen sowie den anwendbaren Datenschutzgesetzen verarbeiten.<\/p>\n<p>Sie k\u00f6nnen unsere Webseiten besuchen, ohne uns mitzuteilen, wer Sie sind. Um unsere Webseiten darstellen zu k\u00f6nnen, sind Sie lediglich verpflichtet, die von Ihrem Browser an unseren Server \u00fcbermittelten Daten (siehe \u201eLogfiles\u201c) zur Verf\u00fcgung zu stellen. Weitere personenbezogene Daten von Ihnen werden nur dann gespeichert, wenn Sie diese freiwillig auf der Website eingeben oder entsprechende Funktionen nutzen, z.B. bei Eingaben \u00fcber unsere Kontaktformulare oder der Registrierung f\u00fcr unseren Newsletter.<\/p>\n<h2>Cookies<\/h2>\n<p>Cookies sind sehr kleine, von Internetseiten verwendete Textdateien, die Ihr Browser auf Ihrem Computer speichert und an uns oder gegebenenfalls auch einen Dritten bestimmte Informationen zuflie\u00dfen lassen kann.<\/p>\n<p>Transiente Cookies werden automatisiert gel\u00f6scht, wenn Sie den Browser schlie\u00dfen. Dazu z\u00e4hlen insbesondere die Session-Cookies. Diese speichern eine sogenannte Session-ID, mit welcher sich verschiedene Anfragen Ihres Browsers der gemeinsamen Sitzung zuordnen lassen. Dadurch kann Ihr Rechner wiedererkannt werden, wenn Sie auf unsere Website zur\u00fcckkehren. Die Session-Cookies werden gel\u00f6scht, wenn Sie sich ausloggen oder den Browser schlie\u00dfen.<\/p>\n<p>Persistente Cookies werden automatisiert nach einer vorgegebenen Dauer gel\u00f6scht, die sich je nach Cookie unterscheiden kann. Eine L\u00f6schung geschieht im Gegensatz zu transienten Cookies nicht automatisch mit der Schlie\u00dfung des Browsers. Sie k\u00f6nnen die Cookies aber auch jederzeit in den Sicherheitseinstellungen Ihres Browsers l\u00f6schen.<\/p>\n<p>Cookies, welche unbedingt erforderlich sind, um einen vom Nutzer ausdr\u00fccklich gew\u00fcnschten Dienst zur Verf\u00fcgung zu stellen (\u201enotwendige Cookies\u201c), verarbeiten wir im Rahmen unseres berechtigten Interesses zur Bereitstellung und dem Betrieb der Website auf Grundlage von Art. 6 Abs. 1 S. 1 lit. f DSGVO. Aktuell setzen folgende Cookies ein, welche f\u00fcr den Betrieb der Website erforderlich sind:<\/p>\n<ul>\n<li>Bezeichnung: CFID; Zweck: Eine sequentielle Client-Kennung sowie ein zuf\u00e4lliges Sicherheitstoken mit Zufallszahlen, um die Sitzung zwischen Server und Client \u00fcber mehrere Seitenaufrufe aufrechtzuerhalten.; Speicherdauer: Ablauf der Sitzung<\/li>\n<li>Bezeichnung: CFTOKEN; Zweck: Eine sequentielle Client-Kennung sowie ein zuf\u00e4lliges Sicherheitstoken mit Zufallszahlen, um die Sitzung zwischen Server und Client \u00fcber mehrere Seitenaufrufe aufrechtzuerhalten.; Speicherdauer: Ablauf der Sitzung<\/li>\n<\/ul>\n<p>Es erfolgt eine Speicherung von bzw. ein Zugriff auf weitere Informationen auf Ihrem Endger\u00e4t, die nicht unbedingt erforderlich sind, um einen vom Nutzer ausdr\u00fccklich gew\u00fcnschten Dienst zur Verf\u00fcgung zu stellen. Die Speicherung bzw. der Zugriff erfolgen dabei nur, sofern Sie hierf\u00fcr Ihre Einwilligung erteilen. Einzelheiten zu Art der Information, Zweck der Verarbeitung, Speicherdauer der Information sowie zu m\u00f6glichen Empf\u00e4ngern der Daten erhalten Sie im weiteren Verlauf (z. B. unter cab Online-Chat und unter Matomo) dieser Datenschutzerkl\u00e4rung.<\/p>\n<p>Sie k\u00f6nnen Ihren Browser so einzustellen, dass dieser Cookies generell nicht akzeptiert oder nur bestimmte Cookies gespeichert oder nicht gespeichert werden. Sie k\u00f6nnen eine ggf. erteilte Einwilligung in die Verarbeitung von Daten mittels Cookies mit Wirkung f\u00fcr die Zukunft jederzeit widerrufen, indem Sie entsprechende Cookies unmittelbar \u00fcber die Einstellungen Ihres Browsers l\u00f6schen. N\u00e4heres hierzu erfahren Sie im Hilfesystem Ihres Browsers. Sofern Ihr Browser alle Cookies ablehnt besteht die M\u00f6glichkeit, dass nicht alle Funktionen dieser Website genutzt werden k\u00f6nnen.<\/p>\n<h2>Verlinkungen auf Social-Media Plattformen<\/h2>\n<p>Unser Webauftritt verweist auf unsere Seiten auf verschiedenen Social-Media-Plattformen. Wir weisen darauf hin, dass Sie mit dem Anklicken auf diese Links unseren Webauftritt und auch den Geltungsbereich dieser Datenschutzerkl\u00e4rung verlassen. Auf den Social-Media Plattformen gelten ausschlie\u00dflich die jeweiligen Datenschutzerkl\u00e4rungen und Nutzungsbedingungen des Betreibers der Social-Media Plattform.<\/p>\n<h2>Logfiles<\/h2>\n<p>Bei jedem Zugriff auf unsere Seite erheben wir folgende Informationen \u00fcber Ihren Computer: Die IP-Adresse Ihres Computers, die Anfrage Ihres Browsers sowie die Zeit dieser Anfrage. Au\u00dferdem werden der Status und die \u00fcbertragene Datenmenge im Rahmen dieser Anfrage erfasst, dar\u00fcber hinaus Produkt- und Versionsinformationen \u00fcber den verwendeten Browser und das Betriebssystem Ihres Computers. Wir erfassen weiter, von welcher Website aus der Zugriff auf unsere Seite erfolgte. Die IP-Adresse Ihres Computers wird dabei nur f\u00fcr die Zeit Ihrer Nutzung der Website gespeichert und im Anschluss daran unverz\u00fcglich gel\u00f6scht oder durch K\u00fcrzung anonymisiert. Die \u00fcbrigen Daten werden f\u00fcr eine begrenzte Zeitdauer gespeichert. Wir verwenden diese Daten f\u00fcr den Betrieb unserer Website, insbesondere um Fehler der Website festzustellen und zu beseitigen, um die Auslastung der Website festzustellen und um Anpassungen oder Verbesserungen vorzunehmen (Rechtsgrundlage: Art. 6 Abs. 1 S. 1 lit. f DSGVO).<\/p>\n<h2>Matomo<\/h2>\n<p>Diese Website nutzt den Webanalysedienst Matomo, um die Nutzung unserer Website analysieren und regelm\u00e4\u00dfig verbessern zu k\u00f6nnen. Dies erfolgt zum Zweck, \u00fcber die gewonnenen Statistiken unser Angebot zu verbessern und dieses f\u00fcr Sie als Nutzer interessanter zu gestalten.<\/p>\n<p>F\u00fcr diese Auswertung werden mit Ihrer Einwilligung (Art. 6 Abs. 1 S. 1 lit. a DSGVO) folgende Cookies auf Ihrem Computer gespeichert:<\/p>\n<ul>\n<li>Bezeichnung: _pk_ref; Zweck: Wird verwendet, um die Herkunft des Benutzers zu speichern (z.B. den Namen der Kampagne \u00fcber die der Benutzer auf die Seite gelangte); Speicherdauer: 6 Monate<\/li>\n<li>Bezeichnung: _pk_id; Zweck: Wird verwendet, um Details \u00fcber den Benutzer zu speichern (bspw. die eindeutige Besucher-ID und der Zeitpunkt des letzten Besuchs); Speicherdauer: 13 Monate<\/li>\n<li>Bezeichnung: _pk_ses; Zweck: Wird zur tempor\u00e4ren Speicherung von Daten des Besuchers verwendet.; Speicherdauer: 30 Minuten<\/li>\n<\/ul>\n<p>Sie k\u00f6nnen das Setzen der Cookies verhindern, indem Sie entweder keine Einwilligung in das Setzen von und die Verarbeitung durch Cookies zur Besucherz\u00e4hlung\/statistische Zwecke erteilen, indem Sie das Setzen von Cookies \u00fcber die Einstellungen Ihres Browsers verhindern oder indem Sie auf Ihrem Ger\u00e4t gespeicherte Cookies l\u00f6schen. Wenn Sie die Speicherung der Cookies verhindern, weisen wir darauf hin, dass Sie gegebenenfalls diese Website nicht vollumf\u00e4nglich nutzen k\u00f6nnen.<\/p>\n<p>Sofern Sie dem Setzen der Cookies nicht zustimmen oder dies \u00fcber die Einstellungen in Ihrem Browser verhindern, werden lediglich die unter Logfiles genannten Daten (gek\u00fcrzte IP-Adresse, referrer usw.) zum Zwecke der statistischen Auswertung der Websitebesuche verarbeitet. Dies geschieht im Rahmen unseres berechtigten Interesses zur Analyse der Websitebesuche.<\/p>\n<p>Die Verhinderung des Trackings durch Matomo oder ein Widerruf Ihrer Einwilligung mit Wirkung f\u00fcr die Zukunft ist m\u00f6glich, indem Sie durch Klicken auf den nachfolgenden Link einen sog. Opt-Out-Cookie setzen:<\/p>\n<p><iframe style=\"border: 0px currentColor; width: 100%; height: 140px;\" src=\"https:\/\/analytics.cab.de\/index.php?module=CoreAdminHome&amp;action=optOut&amp;language=de\"><\/iframe><\/p>\n<p>Bitte beachten Sie, dass durch das Opt-Out ein Cookie auf Ihrem Endger\u00e4t gesetzt wird, um das Tracking zu verhindern. Sofern Sie hiernach Cookies von Ihrem Endger\u00e4t l\u00f6schen, wird auch das Opt-Out-Cookie gel\u00f6scht, sodass ggf. ein erneuter Widerspruch bzw. Widerruf Ihrer Einwilligung erforderlich wird.<\/p>\n<p>Diese Website verwendet Matomo mit der Erweiterung \u201eAnonymizeIP\u201c. Dadurch werden IP-Adressen gek\u00fcrzt\u00a0 weiterverarbeitet, eine direkte Personenbeziehbarkeit kann damit ausgeschlossen werden. Die mittels Matomo von Ihrem Browser \u00fcbermittelte IP-Adresse wird nicht mit anderen von uns erhobenen Daten zusammengef\u00fchrt. Informationen von Matomo zum Datenschutz erhalten Sie unter <a href=\"https:\/\/matomo.org\/privacy\/\" target=\"_blank\" rel=\"noopener noreferrer\">https:\/\/matomo.org\/privacy\/<\/a>.<\/p>\n<h2>Eingebettete Inhalte von Dritten (YouTube usw.)<\/h2>\n<p>Sofern auf unseren Webseiten Inhalte von Drittanbietern wie etwa YouTube dargestellt werden, ist f\u00fcr die Zurverf\u00fcgungstellung dieser Inhalte und der Anzeige in Ihrem Browser die \u00dcbermittlung Ihrer IP-Adresse und die unter \u201eLogfiles\u201c dargestellten Inhalte an den Drittanbieter erforderlich. Dies dient einer ansprechenden Darstellung unserer Website. Rechtsgrundlage der Verarbeitung ist Art. 6 Abs. 1 S. 1 lit. f DSGVO. Wir haben keinen Einfluss auf Datenverarbeitungen bei dem Drittanbieter. Sofern Sie bei dem Drittanbieter mit einem Nutzerkonto angemeldet sind, kann der Drittanbieter Ihr Nutzerverhalten Ihrem Nutzerkonto zuordnen. Gegebenenfalls speichert der Drittanbieter Ihre Daten als Nutzungsprofile und nutzt sie f\u00fcr Zwecke der Werbung, Marktforschung und\/oder bedarfsgerechten Gestaltung seiner Website. Widerspruchsrechte gegen die Bildung dieser Nutzerprofile m\u00fcssen Sie an den Drittanbieter richten.<\/p>\n<p>Weitere Informationen zu Zweck und Umfang der Datenerhebung und ihrer Verarbeitung durch den Drittanbieter erhalten Sie in dessen Datenschutzerkl\u00e4rung. Dort erhalten Sie auch weitere Informationen zu Ihren Rechten und Einstellungsm\u00f6glichkeiten zum Schutze Ihrer Privatsph\u00e4re:<\/p>\n<p>Youtube, Google Ireland Limited, Gordon House, Barrow Street, Dublin 4, Irland;<br \/><a href=\"https:\/\/www.google.com\/policies\/privacy\/partners\/?hl=de\" target=\"_blank\" rel=\"noopener noreferrer\">https:\/\/www.google.com\/policies\/privacy\/partners\/?hl=de<\/a>.<\/p>\n<h2>Widerruf von Einwilligungen und Widerspruch gegen eine Datenverarbeitung<\/h2>\n<p>Sofern Sie uns gegen\u00fcber Einwilligungen abgegeben haben, k\u00f6nnen Sie diese jederzeit mit Wirkung f\u00fcr die Zukunft widerrufen.<\/p>\n<p>Soweit wir die Verarbeitung Ihrer personenbezogenen Daten auf die Interessenabw\u00e4gung st\u00fctzen, k\u00f6nnen Sie Widerspruch gegen die Verarbeitung einlegen. Bei Aus\u00fcbung eines solchen Widerspruchs bitten wir um Darlegung der Gr\u00fcnde, weshalb wir Ihre personenbezogenen Daten nicht wie von uns durchgef\u00fchrt verarbeiten sollten. Im Falle Ihres begr\u00fcndeten Widerspruchs pr\u00fcfen wir die Sachlage und werden entweder die Datenverarbeitung einstellen bzw. anpassen oder Ihnen unsere zwingenden schutzw\u00fcrdigen Gr\u00fcnde aufzeigen, aufgrund derer wir die Verarbeitung fortf\u00fchren.<\/p>\n<p>Sie k\u00f6nnen der Verarbeitung Ihrer personenbezogenen Daten f\u00fcr Zwecke der Werbung und Datenanalyse jederzeit widersprechen.<\/p>\n<p>Ihren Widerruf oder Widerspruch k\u00f6nnen Sie uns unter den Kontaktdaten unter \u201eVerantwortlicher\u201c zusenden.<\/p>\n<h2>Ihre Rechte<\/h2>\n<p>Sie haben gegen\u00fcber uns folgende Rechte hinsichtlich der Sie betreffenden personenbezogenen Daten:<\/p>\n<ul>\n<li>Recht auf Auskunft<\/li>\n<li>Recht auf Berichtigung oder L\u00f6schung<\/li>\n<li>Recht auf Einschr\u00e4nkung der Verarbeitung<\/li>\n<li>Recht auf Widerspruch gegen die Verarbeitung<\/li>\n<li>Recht auf Daten\u00fcbertragbarkeit.<\/li>\n<\/ul>\n<p>Sie haben zudem das Recht, sich bei einer Datenschutz-Aufsichtsbeh\u00f6rde \u00fcber die Verarbeitung Ihrer personenbezogenen Daten durch uns zu beschweren.<\/p>\n<h2>Verantwortlicher<\/h2>\n<p>cab Produkttechnik Gesellschaft f\u00fcr Computer- und Automations- Bausteine mbH &amp; Co KG, Wilhelm-Schickard-Str. 14, 76131 Karlsruhe, Tel.: +49 721 6626 0, Fax: +49 721 6626 129, E-Mail: <a href=\"mailto:info@cab.de\">info@cab.de<\/a><br \/>Datenschutzbeauftragter: <a href=\"mailto:datenschutzanfragen@xdsb.de\">datenschutzanfragen@xdsb.de<\/a> oder unter unserer Postadresse mit dem Zusatz \u201eder Datenschutzbeauftragte\u201c<\/p>\n\n\n<p><\/p>\n","protected":false},"excerpt":{"rendered":"<p>Wir freuen uns \u00fcber Ihren Besuch unserer Website und \u00fcber Ihr Interesse an unserem Unternehmen und unseren Produkten. Hierbei achten wir Ihre Privatsph\u00e4re und gew\u00e4hrleisten den Schutz Ihrer personenbezogenen Daten, indem wir Ihre personenbezogenen Daten in \u00dcbereinstimmung mit dem Inhalt &hellip; <a href=\"https:\/\/www.cablabel.com\/de\/datenschutz\/\">Weiterlesen <span class=\"meta-nav\">&rarr;<\/span><\/a><\/p>\n","protected":false},"author":3,"featured_media":0,"parent":0,"menu_order":0,"comment_status":"closed","ping_status":"closed","template":"sidebar-page.php","meta":{"footnotes":""},"class_list":["post-2","page","type-page","status-publish","hentry"],"_links":{"self":[{"href":"https:\/\/www.cablabel.com\/de\/wp-json\/wp\/v2\/pages\/2","targetHints":{"allow":["GET"]}}],"collection":[{"href":"https:\/\/www.cablabel.com\/de\/wp-json\/wp\/v2\/pages"}],"about":[{"href":"https:\/\/www.cablabel.com\/de\/wp-json\/wp\/v2\/types\/page"}],"author":[{"embeddable":true,"href":"https:\/\/www.cablabel.com\/de\/wp-json\/wp\/v2\/users\/3"}],"replies":[{"embeddable":true,"href":"https:\/\/www.cablabel.com\/de\/wp-json\/wp\/v2\/comments?post=2"}],"version-history":[{"count":13,"href":"https:\/\/www.cablabel.com\/de\/wp-json\/wp\/v2\/pages\/2\/revisions"}],"predecessor-version":[{"id":729,"href":"https:\/\/www.cablabel.com\/de\/wp-json\/wp\/v2\/pages\/2\/revisions\/729"}],"wp:attachment":[{"href":"https:\/\/www.cablabel.com\/de\/wp-json\/wp\/v2\/media?parent=2"}],"curies":[{"name":"wp","href":"https:\/\/api.w.org\/{rel}","templated":true}]}}